{"id":49,"date":"2022-10-27T18:01:15","date_gmt":"2022-10-27T16:01:15","guid":{"rendered":"https:\/\/bruss.fancysoftware.de\/?page_id=49"},"modified":"2023-02-10T15:19:27","modified_gmt":"2023-02-10T14:19:27","slug":"leistungen","status":"publish","type":"page","link":"https:\/\/www.rbruss.de\/en\/leistungen\/","title":{"rendered":"Leistungen"},"content":{"rendered":"<div class=\"wp-block-columns alignwide is-layout-flex wp-container-core-columns-is-layout-5c5cdacd wp-block-columns-is-layout-flex\" style=\"padding-top:var(--wp--preset--spacing--20);padding-right:var(--wp--preset--spacing--20);padding-bottom:var(--wp--preset--spacing--20);padding-left:var(--wp--preset--spacing--20)\">\n<div class=\"wp-block-column is-layout-flow wp-block-column-is-layout-flow\">\n<h2 class=\"has-primary-color has-text-color wp-block-heading\">Groupage freight<\/h2>\n\n\n\n<p><strong>Transporting your goods securely and reliably as groupage freight<\/strong><\/p>\n\n\n\n<p>For our groupage freight services, we collect LCL (less than carload) shipments together to make an efficient load, ensuring that your financial and ecological requirements are met. Thanks to our experience, you can rest assured that your goods will always reach their destination securely and on time.<\/p>\n\n\n\n<ul class=\"wp-block-list\">\n<li>Groupage freight transport services in Germany and throughout Europe<\/li>\n\n\n\n<li>Short lead times and efficient routes<\/li>\n\n\n\n<li>GPS-tracked vehicles<\/li>\n\n\n\n<li>Reliable delivery \u2013 straight to the end-customer if required<\/li>\n<\/ul>\n<\/div>\n\n\n\n<div class=\"wp-block-column is-layout-flow wp-block-column-is-layout-flow\">\n<h2 class=\"has-primary-color has-text-color wp-block-heading\">Collection and delivery service<\/h2>\n\n\n\n<p><strong>We always deliver<\/strong><\/p>\n\n\n\n<p>If you choose our collection and delivery service, we will collect your shipment directly from the client and\/or take it straight to the addressee. Our flexible couriers always deliver, be it locally in Trier and Luxembourg, further afield in Germany or anywhere in Europe.<\/p>\n\n\n\n<ul class=\"wp-block-list\">\n<li>Secure delivery of your shipment throughout Germany and Europe<\/li>\n\n\n\n<li>Rapid response and high flexibility<\/li>\n\n\n\n<li>Modern courier fleet<\/li>\n\n\n\n<li>Reliable staff<\/li>\n<\/ul>\n<\/div>\n<\/div>\n\n\n\n<div class=\"wp-block-columns alignwide is-layout-flex wp-container-core-columns-is-layout-5c5cdacd wp-block-columns-is-layout-flex\" style=\"padding-top:var(--wp--preset--spacing--20);padding-right:var(--wp--preset--spacing--20);padding-bottom:var(--wp--preset--spacing--20);padding-left:var(--wp--preset--spacing--20)\">\n<div class=\"wp-block-column is-layout-flow wp-block-column-is-layout-flow\">\n<h2 class=\"has-primary-color has-text-color wp-block-heading\">Time- and day-definite freight<\/h2>\n\n\n\n<p><strong>Just in time \u2013 throughout Europe<\/strong><\/p>\n\n\n\n<p>We take care of time- and day-definite deliveries for countless large, well-known clients reliably and on time. Thanks to our extensive experience as a transport company, we guarantee reliability and punctuality as a matter of course. Your time- and day-definite freight is in safe hands with us.<\/p>\n\n\n\n<ul class=\"wp-block-list\">\n<li>Time- and day-definite deliveries in Germany and throughout Europe<\/li>\n\n\n\n<li>On-time delivery<\/li>\n\n\n\n<li>GPS-tracked vehicles<\/li>\n\n\n\n<li>Extensive experience of time- and day-definite deliveries for major clients<\/li>\n<\/ul>\n<\/div>\n\n\n\n<div class=\"wp-block-column is-layout-flow wp-block-column-is-layout-flow\">\n<h2 class=\"has-primary-color has-text-color wp-block-heading\">Europe-wide service<\/h2>\n\n\n\n<p><strong>At home in Germany, en route throughout Europe<\/strong><\/p>\n\n\n\n<p>Our transport services are, of course, available throughout Europe. The vehicles in our modern fleet travel all around Europe to take care of your groupage freight, time- and day-definite deliveries, and collection and delivery needs. Always reliable, always on time.<\/p>\n\n\n\n<ul class=\"wp-block-list\">\n<li>Europe-wide transport services<\/li>\n\n\n\n<li>Modern fleet<\/li>\n\n\n\n<li>GPS tracking and route tracing<\/li>\n\n\n\n<li>Central headquarters in the heart of Europe<\/li>\n<\/ul>\n<\/div>\n<\/div>\n\n\n\n<div style=\"height:100px\" aria-hidden=\"true\" class=\"wp-block-spacer\"><\/div>\n\n\n\n<div class=\"wp-block-cover alignfull is-light is-repeated\"><span aria-hidden=\"true\" class=\"wp-block-cover__background has-background-dim-0 has-background-dim\"><\/span><div role=\"img\" class=\"wp-block-cover__image-background wp-image-102 is-repeated\" style=\"background-position:50% 50%;background-image:url(https:\/\/bruss.fancysoftware.de\/wp-content\/uploads\/2022\/10\/rbruss_logokachel_sw.png)\"><\/div><div class=\"wp-block-cover__inner-container is-layout-flow wp-block-cover-is-layout-flow\">\n<div class=\"wp-block-group has-background-background-color has-background is-layout-constrained wp-container-core-group-is-layout-7a70e5bf wp-block-group-is-layout-constrained\" style=\"padding-top:0em;padding-right:0em;padding-bottom:0em;padding-left:0em\">\n<div class=\"wp-block-columns alignwide has-background-background-color has-background is-layout-flex wp-container-core-columns-is-layout-28f84493 wp-block-columns-is-layout-flex\">\n<div class=\"wp-block-column is-layout-flow wp-block-column-is-layout-flow\" style=\"flex-basis:66.66%\">\n<h2 class=\"wp-block-heading\">Our service standard<\/h2>\n\n\n\n<ul class=\"wp-block-list\">\n<li>Permanent route tracing<\/li>\n\n\n\n<li>Efficient, cost-effective combined shipments<\/li>\n\n\n\n<li>Ultimate security for your goods<\/li>\n\n\n\n<li>GPS-tracked vehicles<\/li>\n\n\n\n<li>Modern fleet<\/li>\n\n\n\n<li>Reliable, German-speaking staff<\/li>\n\n\n\n<li>Fast, flexible job acceptance<\/li>\n<\/ul>\n<\/div>\n\n\n\n<div class=\"wp-block-column is-layout-flow wp-block-column-is-layout-flow\" style=\"flex-basis:33.33%\"><\/div>\n<\/div>\n<\/div>\n<\/div><\/div>\n\n\n\n<div style=\"height:100px\" aria-hidden=\"true\" class=\"wp-block-spacer\"><\/div>\n\n\n\n<div class=\"wp-block-columns alignwide is-layout-flex wp-container-core-columns-is-layout-5c5cdacd wp-block-columns-is-layout-flex\" style=\"padding-top:var(--wp--preset--spacing--20);padding-right:var(--wp--preset--spacing--20);padding-bottom:var(--wp--preset--spacing--20);padding-left:var(--wp--preset--spacing--20)\">\n<div class=\"wp-block-column is-layout-flow wp-block-column-is-layout-flow\" style=\"flex-basis:33.33%\">\n<h4 class=\"has-custom-title-color has-text-color wp-block-heading\">Contact<\/h4>\n\n\n\n<p><strong>Bru\u00df Transporte &amp; Logistik<br><\/strong>Inhaber: Roland Bru\u00df<br>Johannes-Zenz-Stra\u00dfe 21<br>DE 54292 Trier<\/p>\n\n\n\n<p>Telefon: 0049-651-6860875<br>Fax: 0049-651-6860876<\/p>\n\n\n\n<p><a href=\"mailto:info@rbruss.de\"><strong>info@RBruss.de<\/strong><\/a><br><a href=\"https:\/\/www.rbruss.de\/en\/\"><strong>www.RBruss.de<\/strong><\/a><\/p>\n<\/div>\n\n\n\n<div class=\"wp-block-column is-layout-flow wp-block-column-is-layout-flow\" style=\"flex-basis:66.66%\">\n<h2 class=\"wp-block-heading\">Get in contact with us!<\/h2>\n\n\n\n<p>Bei Fragen zu unserem Angebot, Interesse an unseren Dienstleistungen oder f\u00fcr ein unverbindliches Angebot freuen wir uns auf Ihre Kontaktaufnahme.<\/p>\n\n\n\n<div class=\"wp-block-contact-form-7-contact-form-selector\">\n<div class=\"wpcf7 no-js\" id=\"wpcf7-f233-o1\" lang=\"de-DE\" dir=\"ltr\" data-wpcf7-id=\"233\">\n<div class=\"screen-reader-response\"><p role=\"status\" aria-live=\"polite\" aria-atomic=\"true\"><\/p> <ul><\/ul><\/div>\n<form action=\"\/en\/wp-json\/wp\/v2\/pages\/49#wpcf7-f233-o1\" method=\"post\" class=\"wpcf7-form init\" aria-label=\"Kontaktformular\" novalidate=\"novalidate\" data-status=\"init\" data-trp-original-action=\"\/en\/wp-json\/wp\/v2\/pages\/49#wpcf7-f233-o1\">\n<fieldset class=\"hidden-fields-container\"><input type=\"hidden\" name=\"_wpcf7\" value=\"233\" \/><input type=\"hidden\" name=\"_wpcf7_version\" value=\"6.1.1\" \/><input type=\"hidden\" name=\"_wpcf7_locale\" value=\"de_DE\" \/><input type=\"hidden\" name=\"_wpcf7_unit_tag\" value=\"wpcf7-f233-o1\" \/><input type=\"hidden\" name=\"_wpcf7_container_post\" value=\"0\" \/><input type=\"hidden\" name=\"_wpcf7_posted_data_hash\" value=\"\" \/>\n<\/fieldset>\n<p><label> Your Name (Required)<br \/>\n<span class=\"wpcf7-form-control-wrap\" data-name=\"your-name\"><input size=\"40\" maxlength=\"400\" class=\"wpcf7-form-control wpcf7-text wpcf7-validates-as-required\" aria-required=\"true\" aria-invalid=\"false\" value=\"\" type=\"text\" name=\"your-name\" \/><\/span> <\/label>\n<\/p>\n<p><label> Your Mail-Address (Required)<br \/>\n<span class=\"wpcf7-form-control-wrap\" data-name=\"your-email\"><input size=\"40\" maxlength=\"400\" class=\"wpcf7-form-control wpcf7-email wpcf7-validates-as-required wpcf7-text wpcf7-validates-as-email\" aria-required=\"true\" aria-invalid=\"false\" value=\"\" type=\"email\" name=\"your-email\" \/><\/span> <\/label>\n<\/p>\n<p><label> Phone number<br \/>\n<span class=\"wpcf7-form-control-wrap\" data-name=\"your-email\"><input size=\"40\" maxlength=\"400\" class=\"wpcf7-form-control wpcf7-email wpcf7-validates-as-required wpcf7-text wpcf7-validates-as-email\" aria-required=\"true\" aria-invalid=\"false\" value=\"\" type=\"email\" name=\"your-email\" \/><\/span> <\/label>\n<\/p>\n<p><label> Subject (Required)<br \/>\n<span class=\"wpcf7-form-control-wrap\" data-name=\"your-subject\"><input size=\"40\" maxlength=\"400\" class=\"wpcf7-form-control wpcf7-text wpcf7-validates-as-required\" aria-required=\"true\" aria-invalid=\"false\" value=\"\" type=\"text\" name=\"your-subject\" \/><\/span> <\/label>\n<\/p>\n<p><label> Message (Required)<br \/>\n<span class=\"wpcf7-form-control-wrap\" data-name=\"your-message\"><textarea cols=\"40\" rows=\"10\" maxlength=\"2000\" class=\"wpcf7-form-control wpcf7-textarea\" aria-invalid=\"false\" name=\"your-message\"><\/textarea><\/span> <\/label>\n<\/p>\n<p><span class=\"wpcf7-form-control-wrap\" data-name=\"acceptance-800\"><span class=\"wpcf7-form-control wpcf7-acceptance\"><span class=\"wpcf7-list-item\"><label><input type=\"checkbox\" name=\"acceptance-800\" value=\"1\" aria-invalid=\"false\" \/><span class=\"wpcf7-list-item-label\">Ich stimme der Datenschutzerkl\u00e4rung zu und willige ein, dass Bru\u00df Transporte & Logistik meine angegebenen Daten speichern darf, um mit mir in Kontakt zu treten.<\/span><\/label><\/span><\/span><\/span>\n<\/p>\n<p><span class=\"wpcf7-form-control-wrap kc_captcha\" data-name=\"kc_captcha\"><span class=\"wpcf7-form-control wpcf7-radio\"><span class=\"captcha-image\" ><span class=\"cf7ic_instructions\">Bitte beweise, dass du kein Spambot bist und w\u00e4hle das Symbol<span> Tasse<\/span>.<\/span><label><input aria-label=\"1\" type=\"radio\" name=\"kc_captcha\" value=\"bot\" \/><svg aria-hidden=\"true\" role=\"img\" xmlns=\"http:\/\/www.w3.org\/2000\/svg\" viewbox=\"0 0 512 512\"><path fill=\"currentColor\" d=\"M500 168h-55l-8-21a127 127 0 00-120-83H195a127 127 0 00-120 83l-8 21H12c-8 0-14 8-11 16l8 24a12 12 0 0011 8h29a64 64 0 00-33 56v48c0 16 6 31 16 42v62c0 13 11 24 24 24h48c13 0 24-11 24-24v-40h256v40c0 13 11 24 24 24h48c13 0 24-11 24-24v-62c10-11 16-26 16-42v-48c0-24-13-45-33-56h29a12 12 0 0011-8l8-24c3-8-3-16-11-16zm-365 2c9-25 33-42 60-42h122c27 0 51 17 60 42l15 38H120l15-38zM88 328a32 32 0 010-64c18 0 48 30 48 48s-30 16-48 16zm336 0c-18 0-48 2-48-16s30-48 48-48 32 14 32 32-14 32-32 32z\"\/><\/svg><\/label><label><input aria-label=\"2\" type=\"radio\" name=\"kc_captcha\" value=\"kc_human\" \/><svg aria-hidden=\"true\" role=\"img\" xmlns=\"http:\/\/www.w3.org\/2000\/svg\" viewbox=\"0 0 640 512\"><path fill=\"currentColor\" d=\"M192 384h192c53 0 96-43 96-96h32a128 128 0 000-256H120c-13 0-24 11-24 24v232c0 53 43 96 96 96zM512 96a64 64 0 010 128h-32V96h32zm48 384H48c-47 0-61-64-36-64h584c25 0 11 64-36 64z\"\/><\/svg><\/label><label><input aria-label=\"3\" type=\"radio\" name=\"kc_captcha\" value=\"bot\" \/><svg aria-hidden=\"true\" role=\"img\" xmlns=\"http:\/\/www.w3.org\/2000\/svg\" viewbox=\"0 0 576 512\"><path fill=\"currentColor\" d=\"M472 200H360L256 6a12 12 0 00-10-6h-58c-8 0-14 7-12 15l34 185H100l-35-58a12 12 0 00-10-6H12c-8 0-13 7-12 14l21 106L0 362c-1 7 4 14 12 14h43c4 0 8-2 10-6l35-58h110l-34 185c-2 8 4 15 12 15h58a12 12 0 0010-6l104-194h112c57 0 104-25 104-56s-47-56-104-56z\"\/><\/svg><\/label>\r\n    <\/span>\r\n    <span style=\"display:none\">\r\n        <input type=\"text\" name=\"kc_honeypot\">\r\n    <\/span><\/span><\/span>\n<\/p>\n<p><input class=\"wpcf7-form-control wpcf7-submit has-spinner\" type=\"submit\" value=\"Senden\" \/>\n<\/p><div class=\"wpcf7-response-output\" aria-hidden=\"true\"><\/div>\n<input type=\"hidden\" name=\"trp-form-language\" value=\"en\"\/><\/form>\n<\/div>\n<\/div>\n<\/div>\n<\/div>","protected":false},"excerpt":{"rendered":"<p>Sammelgut Ihre Ware&nbsp;als Sammelguttransport \u2013 sicher und zuverl\u00e4ssig unterwegs F\u00fcr Sammelgut-Transporte fassen wir St\u00fcckgutsendungen zu effizienten Transporten zusammen und achten dabei auf Ihre wirtschaftlichen, \u00f6kologischen Anforderungen. Dank unserer Erfahrung erreicht Ihre Ware mit uns immer p\u00fcnktlich und sicher seinen Bestimmungsort. Abhol- und Zustelldienst Wir&nbsp;kommen immer an Unser Abhol- und Zustellservice holt Ihre Sendung beim Kunden [&hellip;]<\/p>","protected":false},"author":1,"featured_media":82,"parent":0,"menu_order":0,"comment_status":"closed","ping_status":"closed","template":"","meta":{"footnotes":""},"class_list":["post-49","page","type-page","status-publish","has-post-thumbnail","hentry"],"_links":{"self":[{"href":"https:\/\/www.rbruss.de\/en\/wp-json\/wp\/v2\/pages\/49","targetHints":{"allow":["GET"]}}],"collection":[{"href":"https:\/\/www.rbruss.de\/en\/wp-json\/wp\/v2\/pages"}],"about":[{"href":"https:\/\/www.rbruss.de\/en\/wp-json\/wp\/v2\/types\/page"}],"author":[{"embeddable":true,"href":"https:\/\/www.rbruss.de\/en\/wp-json\/wp\/v2\/users\/1"}],"replies":[{"embeddable":true,"href":"https:\/\/www.rbruss.de\/en\/wp-json\/wp\/v2\/comments?post=49"}],"version-history":[{"count":0,"href":"https:\/\/www.rbruss.de\/en\/wp-json\/wp\/v2\/pages\/49\/revisions"}],"wp:featuredmedia":[{"embeddable":true,"href":"https:\/\/www.rbruss.de\/en\/wp-json\/wp\/v2\/media\/82"}],"wp:attachment":[{"href":"https:\/\/www.rbruss.de\/en\/wp-json\/wp\/v2\/media?parent=49"}],"curies":[{"name":"wp","href":"https:\/\/api.w.org\/{rel}","templated":true}]}}