{"id":47,"date":"2022-10-27T18:01:02","date_gmt":"2022-10-27T16:01:02","guid":{"rendered":"https:\/\/bruss.fancysoftware.de\/?page_id=47"},"modified":"2022-11-02T20:26:50","modified_gmt":"2022-11-02T18:26:50","slug":"referenzen","status":"publish","type":"page","link":"https:\/\/www.rbruss.de\/en\/referenzen\/","title":{"rendered":"Referenzen"},"content":{"rendered":"<div class=\"wp-block-columns alignwide is-layout-flex wp-container-core-columns-is-layout-5c5cdacd wp-block-columns-is-layout-flex\" style=\"padding-top:var(--wp--preset--spacing--20);padding-right:var(--wp--preset--spacing--20);padding-bottom:var(--wp--preset--spacing--20);padding-left:var(--wp--preset--spacing--20)\">\n<div class=\"wp-block-column is-layout-flow wp-block-column-is-layout-flow\" style=\"flex-basis:100%\">\n<h2 class=\"alignfull has-primary-color has-text-color wp-block-heading\">Transport services for well-known clients<\/h2>\n\n\n\n<p><strong>We are a reliable transport partner to countless logistics companies in the Trier region, Luxembourg and Saarland.<\/strong><\/p>\n\n\n\n<p>Thanks to our extensive experience of working with large logistics firms, we have tailored our transport services perfectly to our clients\u2019 needs. Transporting your goods reliably, securely and sustainably is our core line of business. Place your trust in us!<\/p>\n<\/div>\n<\/div>\n\n\n\n<div class=\"wp-block-columns alignwide is-layout-flex wp-container-core-columns-is-layout-5c5cdacd wp-block-columns-is-layout-flex\" style=\"padding-top:var(--wp--preset--spacing--20);padding-right:var(--wp--preset--spacing--20);padding-bottom:var(--wp--preset--spacing--20);padding-left:var(--wp--preset--spacing--20)\">\n<div class=\"wp-block-column is-layout-flow wp-block-column-is-layout-flow\">\n<h2 class=\"has-primary-color has-text-color wp-block-heading\">Our customers:<\/h2>\n\n\n\n<ul class=\"wp-block-list\">\n<li>Bayer &amp; Sohn GmbH<\/li>\n\n\n\n<li>DHL Freight GmbH<\/li>\n\n\n\n<li>Hellmann Worldwide Logistics \u2013 Road &amp; Rail GmbH &amp; Co. KG<\/li>\n\n\n\n<li>Ks-Logistic &amp; more&nbsp;GmbH &amp; Co. KG<\/li>\n\n\n\n<li>Schenker AG DB Schenker<\/li>\n\n\n\n<li>SIGENIA-AUBI KG<\/li>\n\n\n\n<li>Spedition Elsen GmbH<\/li>\n<\/ul>\n<\/div>\n\n\n\n<div class=\"wp-block-column is-layout-flow wp-block-column-is-layout-flow\">\n<h2 class=\"has-primary-color has-text-color wp-block-heading\">Our Partners:<\/h2>\n\n\n\n<ul class=\"wp-block-list\">\n<li>Gangolf Nutzfahrzeuge GmbH<\/li>\n\n\n\n<li>MAN Truck &amp; Bus AG<\/li>\n\n\n\n<li>Vantec Fahrzeugbau GmbH<\/li>\n\n\n\n<li>UPD8 IT Inh. Stefan Mauren<\/li>\n\n\n\n<li>Marco Nottar Werbeagentur<\/li>\n\n\n\n<li>Meuser &amp; Co. GmbH Reifen-Spezial-Service<\/li>\n\n\n\n<li>Borne Logistik und Speditions&nbsp;GmbH<\/li>\n<\/ul>\n<\/div>\n<\/div>","protected":false},"excerpt":{"rendered":"<p>Transport-Service f\u00fcr namhafte Auftraggeber Wir sind verl\u00e4sslicher Transport-Partner f\u00fcr zahlreiche Logistik-Unternehmen in der Region Trier, Luxemburg und im Saarland. Dank unsere langj\u00e4hrige Erfahrung in der Zusammenarbeit mit gro\u00dfen Logistikern haben wir unsere Transport-Dienstleistungen perfekt auf die Bed\u00fcrfnisse unserer Kunden abgestimmt. Der zuverl\u00e4ssige, sichere und nachhaltige Transport Ihrer Waren ist uns er Kerngesch\u00e4ft. Vertrauen Sie uns! [&hellip;]<\/p>","protected":false},"author":1,"featured_media":91,"parent":0,"menu_order":0,"comment_status":"closed","ping_status":"closed","template":"","meta":{"footnotes":""},"class_list":["post-47","page","type-page","status-publish","has-post-thumbnail","hentry"],"_links":{"self":[{"href":"https:\/\/www.rbruss.de\/en\/wp-json\/wp\/v2\/pages\/47","targetHints":{"allow":["GET"]}}],"collection":[{"href":"https:\/\/www.rbruss.de\/en\/wp-json\/wp\/v2\/pages"}],"about":[{"href":"https:\/\/www.rbruss.de\/en\/wp-json\/wp\/v2\/types\/page"}],"author":[{"embeddable":true,"href":"https:\/\/www.rbruss.de\/en\/wp-json\/wp\/v2\/users\/1"}],"replies":[{"embeddable":true,"href":"https:\/\/www.rbruss.de\/en\/wp-json\/wp\/v2\/comments?post=47"}],"version-history":[{"count":0,"href":"https:\/\/www.rbruss.de\/en\/wp-json\/wp\/v2\/pages\/47\/revisions"}],"wp:featuredmedia":[{"embeddable":true,"href":"https:\/\/www.rbruss.de\/en\/wp-json\/wp\/v2\/media\/91"}],"wp:attachment":[{"href":"https:\/\/www.rbruss.de\/en\/wp-json\/wp\/v2\/media?parent=47"}],"curies":[{"name":"wp","href":"https:\/\/api.w.org\/{rel}","templated":true}]}}