{"id":45,"date":"2022-10-27T18:00:30","date_gmt":"2022-10-27T16:00:30","guid":{"rendered":"https:\/\/bruss.fancysoftware.de\/?page_id=45"},"modified":"2022-11-16T15:34:15","modified_gmt":"2022-11-16T14:34:15","slug":"unternehmen","status":"publish","type":"page","link":"https:\/\/www.rbruss.de\/en\/unternehmen\/","title":{"rendered":"Unternehmen"},"content":{"rendered":"<div class=\"wp-block-columns alignwide is-layout-flex wp-container-core-columns-is-layout-5c5cdacd wp-block-columns-is-layout-flex\" style=\"padding-top:var(--wp--preset--spacing--20);padding-right:var(--wp--preset--spacing--20);padding-bottom:var(--wp--preset--spacing--20);padding-left:var(--wp--preset--spacing--20)\">\n<div class=\"wp-block-column is-layout-flow wp-block-column-is-layout-flow\" style=\"flex-basis:100%\">\n<h2 class=\"wp-block-heading\">Roland Bru\u00df Transporte Trier<\/h2>\n\n\n\n<p>Roland Bru\u00df Transporte is an experienced, reliable provider of traditional transport services. We are an owner-run transport company in the heart of Europe and operate within the Trier region, Luxembourg and Saarland, throughout Germany and in the whole of Europe.<\/p>\n\n\n\n<p>our extensive fleet, modern route tracing and GPS technology, we offer transport services of the highest standard. Place your trust in our experience, 100% on-time delivery and personal contact. We operate sustainably, efficiently and far-sightedly with you in mind and offer a reliable service, whatever your transport needs.<\/p>\n\n\n\n<figure class=\"wp-block-gallery alignwide has-nested-images columns-default is-cropped wp-block-gallery-1 is-layout-flex wp-block-gallery-is-layout-flex\">\n<figure class=\"wp-block-image size-large\"><img decoding=\"async\" src=\"https:\/\/rbruss.de\/wp-content\/uploads\/2022\/11\/2BCAF236-CBA1-4DF3-84F6-291A4D28A347-1024x576.jpg\" alt=\"\"\/><\/figure>\n\n\n\n<figure class=\"wp-block-image size-large\"><img decoding=\"async\" src=\"https:\/\/rbruss.de\/wp-content\/uploads\/2022\/11\/DSC00282-1024x768.jpg\" alt=\"\"\/><\/figure>\n\n\n\n<figure class=\"wp-block-image size-large\"><img decoding=\"async\" src=\"https:\/\/rbruss.de\/wp-content\/uploads\/2022\/11\/DSC00261-1024x768.jpg\" alt=\"\"\/><\/figure>\n\n\n\n<figure class=\"wp-block-image size-large\"><img decoding=\"async\" src=\"https:\/\/rbruss.de\/wp-content\/uploads\/2022\/11\/IMG_3460-1024x768.jpg\" alt=\"\"\/><\/figure>\n\n\n\n<figure class=\"wp-block-image size-large\"><img decoding=\"async\" src=\"https:\/\/rbruss.de\/wp-content\/uploads\/2022\/11\/IMG_3662-1-1024x768.jpg\" alt=\"\"\/><\/figure>\n\n\n\n<figure class=\"wp-block-image size-large\"><img decoding=\"async\" src=\"https:\/\/rbruss.de\/wp-content\/uploads\/2022\/11\/PHOTO-2021-09-11-14-54-36-768x1024.jpg\" alt=\"\"\/><\/figure>\n\n\n\n<figure class=\"wp-block-image size-large\"><img decoding=\"async\" src=\"https:\/\/rbruss.de\/wp-content\/uploads\/2022\/11\/PHOTO-2021-12-20-11-56-00-1024x768.jpg\" alt=\"\"\/><\/figure>\n\n\n\n<figure class=\"wp-block-image size-large\"><img decoding=\"async\" src=\"https:\/\/rbruss.de\/wp-content\/uploads\/2022\/11\/PHOTO-2022-02-17-12-06-18-1024x768.jpg\" alt=\"\"\/><\/figure>\n<\/figure>\n<\/div>\n<\/div>","protected":false},"excerpt":{"rendered":"<p>Roland Bru\u00df Transporte Trier Roland Bru\u00df Transporte ist Ihr erfahrener und zuverl\u00e4ssiger Partner rund um klassische Transportdienstleistungen. Wir sind ein inhabergef\u00fchrtes Transportunternehmen im Herzen Europas und sowohl in der Region Trier, Luxemburg und im Saarland sowie in ganz Deutschland und Europa f\u00fcr Sie unterwegs. Mit unserer umfangreichen Fahrzeugflotte, moderner Routen\u00fcberwachung und GPS-Technik bieten wir Transport-Dienstleistungen [&hellip;]<\/p>","protected":false},"author":1,"featured_media":57,"parent":0,"menu_order":0,"comment_status":"closed","ping_status":"closed","template":"","meta":{"footnotes":""},"class_list":["post-45","page","type-page","status-publish","has-post-thumbnail","hentry"],"_links":{"self":[{"href":"https:\/\/www.rbruss.de\/en\/wp-json\/wp\/v2\/pages\/45","targetHints":{"allow":["GET"]}}],"collection":[{"href":"https:\/\/www.rbruss.de\/en\/wp-json\/wp\/v2\/pages"}],"about":[{"href":"https:\/\/www.rbruss.de\/en\/wp-json\/wp\/v2\/types\/page"}],"author":[{"embeddable":true,"href":"https:\/\/www.rbruss.de\/en\/wp-json\/wp\/v2\/users\/1"}],"replies":[{"embeddable":true,"href":"https:\/\/www.rbruss.de\/en\/wp-json\/wp\/v2\/comments?post=45"}],"version-history":[{"count":0,"href":"https:\/\/www.rbruss.de\/en\/wp-json\/wp\/v2\/pages\/45\/revisions"}],"wp:featuredmedia":[{"embeddable":true,"href":"https:\/\/www.rbruss.de\/en\/wp-json\/wp\/v2\/media\/57"}],"wp:attachment":[{"href":"https:\/\/www.rbruss.de\/en\/wp-json\/wp\/v2\/media?parent=45"}],"curies":[{"name":"wp","href":"https:\/\/api.w.org\/{rel}","templated":true}]}}