{"id":28,"date":"2022-10-27T17:54:10","date_gmt":"2022-10-27T15:54:10","guid":{"rendered":"https:\/\/bruss.fancysoftware.de\/?page_id=28"},"modified":"2023-02-10T15:22:53","modified_gmt":"2023-02-10T14:22:53","slug":"jobs","status":"publish","type":"page","link":"https:\/\/www.rbruss.de\/en\/jobs\/","title":{"rendered":"Jobs"},"content":{"rendered":"<div class=\"wp-block-columns alignwide is-layout-flex wp-container-core-columns-is-layout-5c5cdacd wp-block-columns-is-layout-flex\" style=\"padding-top:var(--wp--preset--spacing--20);padding-right:var(--wp--preset--spacing--20);padding-bottom:var(--wp--preset--spacing--20);padding-left:var(--wp--preset--spacing--20)\">\n<div class=\"wp-block-column is-layout-flow wp-block-column-is-layout-flow\" style=\"flex-basis:100%\">\n<h2 class=\"alignfull wp-block-heading\">Job offers on ebay-kleinanzeigen.de<\/h2>\n\n\n\n<p>Here you can find our job offers<\/p>\n\n\n\n<div class=\"wp-block-buttons is-layout-flex wp-block-buttons-is-layout-flex\">\n<div class=\"wp-block-button\"><a class=\"wp-block-button__link wp-element-button\" href=\"https:\/\/www.ebay-kleinanzeigen.de\/s-bestandsliste.html?userId=53947458\">Open jobs on Ebay<\/a><\/div>\n<\/div>\n\n\n\n<h2 class=\"alignfull wp-block-heading\">We currently have vacancies for:<\/h2>\n\n\n\n<p><strong>Professional HGV drivers<\/strong><\/p>\n\n\n\n<p>from the Trier and Wittlich area for permanent positions. Must have a category C1 + C1E driving licence (formerly category 3) and C for local groupage freight deliveries.<\/p>\n\n\n\n<h2 class=\"alignfull wp-block-heading\">Apply now!<\/h2>\n\n\n\n<p>We are always looking for reliable staff to help us provide our transport services. We look forward to receiving your application!<\/p>\n\n\n\n<p><strong>Roland Bru\u00df Transporte &amp; Logistik<br>DE 54292 Trier<br>fon: 0049-651-6860875<br><a href=\"mailto:info@RBruss.de\">info@RBruss.de<\/a><br><a href=\"https:\/\/www.rbruss.de\/en\/\">www.RBruss.de<\/a><\/strong><\/p>\n<\/div>\n<\/div>","protected":false},"excerpt":{"rendered":"<p>Aktuelle Jobangebote ebay-kleinanzeigen.de Finden Sie hier aktuelle Jobangebote von uns auf unserer H\u00e4ndlerseite von ebay-kleinanzeigen.de Aktuell haben wir Stellen zu besetzen f\u00fcr: Professionelle Lkw-Fahrer aus dem Raum Trier und Wittlich zur Festanstellung. F\u00fchrerschein der Klasse C1 + C1E (fr\u00fcher Klasse 3) und C f\u00fcr lokale Sammelgutlieferungen erforderlich. Jetzt bewerben! Wir sind immer auf der Suche [&hellip;]<\/p>","protected":false},"author":1,"featured_media":29,"parent":0,"menu_order":0,"comment_status":"closed","ping_status":"closed","template":"","meta":{"footnotes":""},"class_list":["post-28","page","type-page","status-publish","has-post-thumbnail","hentry"],"_links":{"self":[{"href":"https:\/\/www.rbruss.de\/en\/wp-json\/wp\/v2\/pages\/28","targetHints":{"allow":["GET"]}}],"collection":[{"href":"https:\/\/www.rbruss.de\/en\/wp-json\/wp\/v2\/pages"}],"about":[{"href":"https:\/\/www.rbruss.de\/en\/wp-json\/wp\/v2\/types\/page"}],"author":[{"embeddable":true,"href":"https:\/\/www.rbruss.de\/en\/wp-json\/wp\/v2\/users\/1"}],"replies":[{"embeddable":true,"href":"https:\/\/www.rbruss.de\/en\/wp-json\/wp\/v2\/comments?post=28"}],"version-history":[{"count":0,"href":"https:\/\/www.rbruss.de\/en\/wp-json\/wp\/v2\/pages\/28\/revisions"}],"wp:featuredmedia":[{"embeddable":true,"href":"https:\/\/www.rbruss.de\/en\/wp-json\/wp\/v2\/media\/29"}],"wp:attachment":[{"href":"https:\/\/www.rbruss.de\/en\/wp-json\/wp\/v2\/media?parent=28"}],"curies":[{"name":"wp","href":"https:\/\/api.w.org\/{rel}","templated":true}]}}