{"id":18,"date":"2022-10-27T17:43:17","date_gmt":"2022-10-27T15:43:17","guid":{"rendered":"https:\/\/bruss.fancysoftware.de\/?page_id=18"},"modified":"2023-02-10T15:21:22","modified_gmt":"2023-02-10T14:21:22","slug":"roland-bruss-kfz-handel-fuer-guenstige-neuwagen-reimporte","status":"publish","type":"page","link":"https:\/\/www.rbruss.de\/en\/","title":{"rendered":"home"},"content":{"rendered":"<div class=\"wp-block-cover alignfull\" style=\"padding-top:0em;padding-right:0em;padding-bottom:0em;padding-left:0em;min-height:600px;aspect-ratio:unset;\" data-aos=\"fade\" data-aos-duration=\"600\"><span aria-hidden=\"true\" class=\"wp-block-cover__background has-background-dim-40 has-background-dim\"><\/span><img loading=\"lazy\" decoding=\"async\" width=\"1920\" height=\"455\" class=\"wp-block-cover__image-background wp-image-99\" alt=\"\" src=\"https:\/\/www.rbruss.de\/wp-content\/uploads\/2022\/10\/Unknown-6.png\" data-object-fit=\"cover\" srcset=\"https:\/\/www.rbruss.de\/wp-content\/uploads\/2022\/10\/Unknown-6.png 1920w, https:\/\/www.rbruss.de\/wp-content\/uploads\/2022\/10\/Unknown-6-300x71.png 300w, https:\/\/www.rbruss.de\/wp-content\/uploads\/2022\/10\/Unknown-6-1024x243.png 1024w, https:\/\/www.rbruss.de\/wp-content\/uploads\/2022\/10\/Unknown-6-768x182.png 768w, https:\/\/www.rbruss.de\/wp-content\/uploads\/2022\/10\/Unknown-6-1600x379.png 1600w, https:\/\/www.rbruss.de\/wp-content\/uploads\/2022\/10\/Unknown-6-1536x364.png 1536w\" sizes=\"auto, (max-width: 1920px) 100vw, 1920px\" \/><div class=\"wp-block-cover__inner-container is-layout-flow wp-block-cover-is-layout-flow\">\n<div class=\"wp-block-group alignwide is-layout-constrained wp-container-core-group-is-layout-e269a103 wp-block-group-is-layout-constrained\" style=\"padding-top:1em;padding-right:1em;padding-bottom:1em;padding-left:1em\" data-aos=\"slide-right\" data-aos-delay=\"400\" data-aos-duration=\"1400\">\n<div class=\"wp-block-columns alignwide is-layout-flex wp-container-core-columns-is-layout-28f84493 wp-block-columns-is-layout-flex\">\n<div class=\"wp-block-column is-layout-flow wp-block-column-is-layout-flow\" style=\"flex-basis:66.66%\">\n<h2 class=\"alignwide has-foreground-color has-text-color wp-block-heading\" style=\"font-size:64px\">From A to B <br>      NACH \u00dcBERALL<\/h2>\n\n\n\n<div class=\"wp-block-buttons alignwide is-layout-flex wp-block-buttons-is-layout-flex\">\n<div class=\"wp-block-button\"><a class=\"wp-block-button__link has-black-background-color has-background wp-element-button\" href=\"https:\/\/bruss.fancysoftware.de\/kontakt\/\"><strong>Request quotation<\/strong><\/a><\/div>\n<\/div>\n<\/div>\n\n\n\n<div class=\"wp-block-column is-layout-flow wp-block-column-is-layout-flow\" style=\"flex-basis:33.33%\"><\/div>\n<\/div>\n<\/div>\n<\/div><\/div>\n\n\n\n<div style=\"height:14px\" aria-hidden=\"true\" class=\"wp-block-spacer\"><\/div>\n\n\n\n<div class=\"wp-block-cover alignfull is-light is-repeated\"><span aria-hidden=\"true\" class=\"wp-block-cover__background has-background-dim-0 has-background-dim\"><\/span><div role=\"img\" class=\"wp-block-cover__image-background wp-image-102 is-repeated\" style=\"background-position:50% 50%;background-image:url(https:\/\/bruss.fancysoftware.de\/wp-content\/uploads\/2022\/10\/rbruss_logokachel_sw.png)\"><\/div><div class=\"wp-block-cover__inner-container is-layout-flow wp-block-cover-is-layout-flow\">\n<div class=\"wp-block-group is-layout-constrained wp-container-core-group-is-layout-7a70e5bf wp-block-group-is-layout-constrained\" style=\"padding-top:0em;padding-right:0em;padding-bottom:0em;padding-left:0em\">\n<div class=\"wp-block-columns alignwide has-foreground-background-color has-background is-layout-flex wp-container-core-columns-is-layout-28f84493 wp-block-columns-is-layout-flex\">\n<div class=\"wp-block-column is-layout-flow wp-block-column-is-layout-flow\" style=\"flex-basis:66.66%\">\n<h3 class=\"has-custom-title-color has-text-color wp-block-heading\">Roland Bru\u00df \u2013 Transport &amp; Logistik <br>Trier<\/h3>\n\n\n\n<p>Handling your transport jobs \u2013 securely, reliably and 100% on time. We are the reputable transport company of choice for groupage freight in the Trier region, Luxembourg, Saarland, Germany and the whole of Europe.<\/p>\n\n\n\n<p>We can handle partial and full loads, time- and day-definite deliveries on precise schedules for DIY stores, supermarkets and electronics retailers, plus transport services for hazardous goods. With our modern vehicles and on-call staff, we can cover order peaks and guarantee that your goods always arrive in exactly the right place at the right time.<\/p>\n<\/div>\n\n\n\n<div class=\"wp-block-column is-layout-flow wp-block-column-is-layout-flow\" style=\"flex-basis:33.33%\"><\/div>\n<\/div>\n<\/div>\n<\/div><\/div>\n\n\n\n<div style=\"height:72px\" aria-hidden=\"true\" class=\"wp-block-spacer\"><\/div>\n\n\n\n<div class=\"wp-block-columns alignwide has-background-background-color has-text-color has-background is-layout-flex wp-container-core-columns-is-layout-3aab7bdf wp-block-columns-is-layout-flex\" style=\"color:#000000;padding-top:3em;padding-right:3em;padding-bottom:3em;padding-left:3em\">\n<div class=\"wp-block-column is-layout-flow wp-block-column-is-layout-flow\">\n<h4 class=\"has-custom-title-color has-text-color wp-block-heading\" style=\"text-transform:capitalize\">Our transport services<\/h4>\n\n\n\n<p>Our transport services include the collection and delivery of groupage freight, flexible and fast job acceptance, and time- and day-definite deliveries throughout Europe.<\/p>\n\n\n\n<div class=\"wp-block-buttons is-layout-flex wp-block-buttons-is-layout-flex\">\n<div class=\"wp-block-button\"><a class=\"wp-block-button__link wp-element-button\" href=\"https:\/\/www.rbruss.de\/en\/leistungen\/\">read more<\/a><\/div>\n<\/div>\n<\/div>\n\n\n\n<div class=\"wp-block-column is-layout-flow wp-block-column-is-layout-flow\">\n<h5 class=\"has-secondary-color has-text-color wp-block-heading\" style=\"text-transform:capitalize\">Short- and long-distance groupage freight services<\/h5>\n\n\n\n<p>Thanks to our extensive experience, we can master even unusual and complex groupage freight jobs with ease.<\/p>\n\n\n\n<h5 class=\"has-secondary-color has-text-color wp-block-heading\" style=\"text-transform:capitalize\">Collection and delivery service<\/h5>\n\n\n\n<p>We will collect your goods from your chosen location and happily deliver them to the end-customer as well.<\/p>\n<\/div>\n\n\n\n<div class=\"wp-block-column is-layout-flow wp-block-column-is-layout-flow\">\n<h5 class=\"has-secondary-color has-text-color wp-block-heading\" style=\"text-transform:capitalize\">Time- and day-definite freight<\/h5>\n\n\n\n<p>Always on time, always fast, always secure. We will take care of your time- and day-definite freight professionally and 100% reliably.<\/p>\n\n\n\n<h5 class=\"has-secondary-color has-text-color wp-block-heading\" style=\"text-transform:capitalize\">Long-distance deliveries in Germany and Europe<\/h5>\n\n\n\n<p>You can trust in our service \u2013 within the Trier region and Luxembourg, throughout Germany and in the whole of Europe.<\/p>\n<\/div>\n<\/div>\n\n\n\n<div style=\"height:100px\" aria-hidden=\"true\" class=\"wp-block-spacer\"><\/div>\n\n\n\n<div class=\"wp-block-columns alignwide has-foreground-background-color has-background is-layout-flex wp-container-core-columns-is-layout-28f84493 wp-block-columns-is-layout-flex\">\n<div class=\"wp-block-column is-layout-flow wp-block-column-is-layout-flow\" style=\"flex-basis:33.33%\">\n<h4 class=\"has-custom-title-color has-text-color wp-block-heading\">News and information<\/h4>\n\n\n\n<p>You can find all the latest from the transport industry, news from our company and interesting information from our clients and partners here.<\/p>\n<\/div>\n\n\n\n<div class=\"wp-block-column is-layout-flow wp-block-column-is-layout-flow\" style=\"flex-basis:66.66%\">\n<figure class=\"wp-block-image size-full\"><img loading=\"lazy\" decoding=\"async\" width=\"400\" height=\"200\" src=\"https:\/\/www.rbruss.de\/wp-content\/uploads\/2022\/10\/20_roland_bruss_transporte_kfz_teaser-400x200-1.jpg\" alt=\"\" class=\"wp-image-118\" srcset=\"https:\/\/www.rbruss.de\/wp-content\/uploads\/2022\/10\/20_roland_bruss_transporte_kfz_teaser-400x200-1.jpg 400w, https:\/\/www.rbruss.de\/wp-content\/uploads\/2022\/10\/20_roland_bruss_transporte_kfz_teaser-400x200-1-300x150.jpg 300w\" sizes=\"auto, (max-width: 400px) 100vw, 400px\" \/><\/figure>\n\n\n\n<h5 class=\"has-custom-title-color has-text-color wp-block-heading\" style=\"text-transform:capitalize\">Currently: colleague request!<\/h5>\n\n\n\n<p>We currently have vacancies for:<\/p>\n\n\n\n<p><a href=\"https:\/\/www.rbruss.de\/en\/jobs\/\" data-type=\"page\" data-id=\"28\">read more<\/a><\/p>\n<\/div>\n<\/div>\n\n\n\n<div class=\"wp-block-columns alignwide has-foreground-background-color has-background is-layout-flex wp-container-core-columns-is-layout-28f84493 wp-block-columns-is-layout-flex\">\n<div class=\"wp-block-column is-layout-flow wp-block-column-is-layout-flow\" style=\"flex-basis:33.33%\">\n<h2 class=\"wp-block-heading\">Contact<\/h2>\n\n\n\n<p><strong>Bru\u00df Transporte &amp; Logistik<br><\/strong>Inhaber: Roland Bru\u00df<br>Johannes-Zenz-Stra\u00dfe 21<br>DE 54292 Trier<\/p>\n\n\n\n<p>Telefon: 0049-651-6860875<br>Fax: 0049-651-6860876<\/p>\n\n\n\n<p><a href=\"mailto:info@rbruss.de\"><strong>info@RBruss.de<\/strong><\/a><br><a href=\"https:\/\/www.rbruss.de\/en\/\"><strong>www.RBruss.de<\/strong><\/a><\/p>\n<\/div>\n\n\n\n<div class=\"wp-block-column is-layout-flow wp-block-column-is-layout-flow\" style=\"flex-basis:66.66%\">\n<div class=\"wp-block-contact-form-7-contact-form-selector\">\n<div class=\"wpcf7 no-js\" id=\"wpcf7-f233-o1\" lang=\"de-DE\" dir=\"ltr\" data-wpcf7-id=\"233\">\n<div class=\"screen-reader-response\"><p role=\"status\" aria-live=\"polite\" aria-atomic=\"true\"><\/p> <ul><\/ul><\/div>\n<form action=\"\/en\/wp-json\/wp\/v2\/pages\/18#wpcf7-f233-o1\" method=\"post\" class=\"wpcf7-form init\" aria-label=\"Kontaktformular\" novalidate=\"novalidate\" data-status=\"init\" data-trp-original-action=\"\/en\/wp-json\/wp\/v2\/pages\/18#wpcf7-f233-o1\">\n<fieldset class=\"hidden-fields-container\"><input type=\"hidden\" name=\"_wpcf7\" value=\"233\" \/><input type=\"hidden\" name=\"_wpcf7_version\" value=\"6.1.1\" \/><input type=\"hidden\" name=\"_wpcf7_locale\" value=\"de_DE\" \/><input type=\"hidden\" name=\"_wpcf7_unit_tag\" value=\"wpcf7-f233-o1\" \/><input type=\"hidden\" name=\"_wpcf7_container_post\" value=\"0\" \/><input type=\"hidden\" name=\"_wpcf7_posted_data_hash\" value=\"\" \/>\n<\/fieldset>\n<p><label> Your Name (Required)<br \/>\n<span class=\"wpcf7-form-control-wrap\" data-name=\"your-name\"><input size=\"40\" maxlength=\"400\" class=\"wpcf7-form-control wpcf7-text wpcf7-validates-as-required\" aria-required=\"true\" aria-invalid=\"false\" value=\"\" type=\"text\" name=\"your-name\" \/><\/span> <\/label>\n<\/p>\n<p><label> Your Mail-Address (Required)<br \/>\n<span class=\"wpcf7-form-control-wrap\" data-name=\"your-email\"><input size=\"40\" maxlength=\"400\" class=\"wpcf7-form-control wpcf7-email wpcf7-validates-as-required wpcf7-text wpcf7-validates-as-email\" aria-required=\"true\" aria-invalid=\"false\" value=\"\" type=\"email\" name=\"your-email\" \/><\/span> <\/label>\n<\/p>\n<p><label> Phone number<br \/>\n<span class=\"wpcf7-form-control-wrap\" data-name=\"your-email\"><input size=\"40\" maxlength=\"400\" class=\"wpcf7-form-control wpcf7-email wpcf7-validates-as-required wpcf7-text wpcf7-validates-as-email\" aria-required=\"true\" aria-invalid=\"false\" value=\"\" type=\"email\" name=\"your-email\" \/><\/span> <\/label>\n<\/p>\n<p><label> Subject (Required)<br \/>\n<span class=\"wpcf7-form-control-wrap\" data-name=\"your-subject\"><input size=\"40\" maxlength=\"400\" class=\"wpcf7-form-control wpcf7-text wpcf7-validates-as-required\" aria-required=\"true\" aria-invalid=\"false\" value=\"\" type=\"text\" name=\"your-subject\" \/><\/span> <\/label>\n<\/p>\n<p><label> Message (Required)<br \/>\n<span class=\"wpcf7-form-control-wrap\" data-name=\"your-message\"><textarea cols=\"40\" rows=\"10\" maxlength=\"2000\" class=\"wpcf7-form-control wpcf7-textarea\" aria-invalid=\"false\" name=\"your-message\"><\/textarea><\/span> <\/label>\n<\/p>\n<p><span class=\"wpcf7-form-control-wrap\" data-name=\"acceptance-800\"><span class=\"wpcf7-form-control wpcf7-acceptance\"><span class=\"wpcf7-list-item\"><label><input type=\"checkbox\" name=\"acceptance-800\" value=\"1\" aria-invalid=\"false\" \/><span class=\"wpcf7-list-item-label\">Ich stimme der Datenschutzerkl\u00e4rung zu und willige ein, dass Bru\u00df Transporte & Logistik meine angegebenen Daten speichern darf, um mit mir in Kontakt zu treten.<\/span><\/label><\/span><\/span><\/span>\n<\/p>\n<p><span class=\"wpcf7-form-control-wrap kc_captcha\" data-name=\"kc_captcha\"><span class=\"wpcf7-form-control wpcf7-radio\"><span class=\"captcha-image\" ><span class=\"cf7ic_instructions\">Bitte beweise, dass du kein Spambot bist und w\u00e4hle das Symbol<span> Herz<\/span>.<\/span><label><input aria-label=\"1\" type=\"radio\" name=\"kc_captcha\" value=\"kc_human\" \/><svg aria-hidden=\"true\" role=\"img\" xmlns=\"http:\/\/www.w3.org\/2000\/svg\" viewbox=\"0 0 576 512\"><path fill=\"currentColor\" d=\"M415 24c-53 0-103 42-127 65-24-23-74-65-127-65C70 24 16 77 16 166c0 72 67 133 69 135l187 181c9 8 23 8 32 0l187-180c2-3 69-64 69-136 0-89-54-142-145-142z\"\/><\/svg><\/label><label><input aria-label=\"2\" type=\"radio\" name=\"kc_captcha\" value=\"bot\" \/><svg aria-hidden=\"true\" role=\"img\" xmlns=\"http:\/\/www.w3.org\/2000\/svg\" viewbox=\"0 0 576 512\"><path fill=\"currentColor\" d=\"M488 313v143c0 13-11 24-24 24H348c-7 0-12-5-12-12V356c0-7-5-12-12-12h-72c-7 0-12 5-12 12v112c0 7-5 12-12 12H112c-13 0-24-11-24-24V313c0-4 2-7 4-10l188-154c5-4 11-4 16 0l188 154c2 3 4 6 4 10zm84-61l-84-69V44c0-6-5-12-12-12h-56c-7 0-12 6-12 12v73l-89-74a48 48 0 00-61 0L4 252c-5 4-5 12-1 17l25 31c5 5 12 5 17 1l235-193c5-4 11-4 16 0l235 193c5 5 13 4 17-1l25-31c4-6 4-13-1-17z\"\/><\/svg><\/label><label><input aria-label=\"3\" type=\"radio\" name=\"kc_captcha\" value=\"bot\" \/><svg aria-hidden=\"true\" role=\"img\" xmlns=\"http:\/\/www.w3.org\/2000\/svg\" viewbox=\"0 0 384 512\"><path fill=\"currentColor\" d=\"M377 375l-83-87h34c21 0 32-25 17-40l-82-88h33c21 0 32-25 18-40L210 8c-10-11-26-11-36 0L70 120c-14 15-3 40 18 40h33l-82 88c-15 15-4 40 17 40h34L7 375c-15 16-4 41 17 41h120c0 33-11 49-34 68-12 9-5 28 10 28h144c15 0 22-19 10-28-20-16-34-32-34-68h120c21 0 32-25 17-41z\"\/><\/svg><\/label>\r\n    <\/span>\r\n    <span style=\"display:none\">\r\n        <input type=\"text\" name=\"kc_honeypot\">\r\n    <\/span><\/span><\/span>\n<\/p>\n<p><input class=\"wpcf7-form-control wpcf7-submit has-spinner\" type=\"submit\" value=\"Senden\" \/>\n<\/p><div class=\"wpcf7-response-output\" aria-hidden=\"true\"><\/div>\n<input type=\"hidden\" name=\"trp-form-language\" value=\"en\"\/><\/form>\n<\/div>\n<\/div>\n<\/div>\n<\/div>\n\n\n\n<div style=\"height:100px\" aria-hidden=\"true\" class=\"wp-block-spacer\"><\/div>\n\n\n\n<div class=\"wp-block-columns alignwide is-layout-flex wp-container-core-columns-is-layout-28f84493 wp-block-columns-is-layout-flex\">\n<div class=\"wp-block-column is-layout-flow wp-block-column-is-layout-flow\" style=\"flex-basis:33.33%\"><\/div>\n\n\n\n<div class=\"wp-block-column is-layout-flow wp-block-column-is-layout-flow\" style=\"flex-basis:66.66%\"><\/div>\n<\/div>\n\n\n\n<p><\/p>\n\n\n\n<div style=\"height:100px\" aria-hidden=\"true\" class=\"wp-block-spacer\"><\/div>","protected":false},"excerpt":{"rendered":"<p>Unsere Transport Leistungen Zu unseren Leistungen im Transportbereich z\u00e4hlen Abhol- und Zustelldienste f\u00fcr Sammelgut-Transporte, flexible und schnelle Auftrags\u00fcbernahme oder Terminguttransporte in ganz Europa. Sammelgut im Nah- und Fernverkehr Dank unserer langj\u00e4hrigen Erfahrung l\u00f6sen wir auch ungew\u00f6hnliche und komplexe Aufgaben im Bereich Sammelladungen souver\u00e4n. Abhol- und Zustelldienst Wir nehmen Ihre Waren am Wunschort auf und k\u00fcmmern [&hellip;]<\/p>","protected":false},"author":1,"featured_media":0,"parent":0,"menu_order":0,"comment_status":"closed","ping_status":"closed","template":"","meta":{"footnotes":""},"class_list":["post-18","page","type-page","status-publish","hentry"],"_links":{"self":[{"href":"https:\/\/www.rbruss.de\/en\/wp-json\/wp\/v2\/pages\/18","targetHints":{"allow":["GET"]}}],"collection":[{"href":"https:\/\/www.rbruss.de\/en\/wp-json\/wp\/v2\/pages"}],"about":[{"href":"https:\/\/www.rbruss.de\/en\/wp-json\/wp\/v2\/types\/page"}],"author":[{"embeddable":true,"href":"https:\/\/www.rbruss.de\/en\/wp-json\/wp\/v2\/users\/1"}],"replies":[{"embeddable":true,"href":"https:\/\/www.rbruss.de\/en\/wp-json\/wp\/v2\/comments?post=18"}],"version-history":[{"count":0,"href":"https:\/\/www.rbruss.de\/en\/wp-json\/wp\/v2\/pages\/18\/revisions"}],"wp:attachment":[{"href":"https:\/\/www.rbruss.de\/en\/wp-json\/wp\/v2\/media?parent=18"}],"curies":[{"name":"wp","href":"https:\/\/api.w.org\/{rel}","templated":true}]}}